{"id":29,"date":"2017-12-28T14:29:41","date_gmt":"2017-12-28T13:29:41","guid":{"rendered":"http:\/\/www.gummitechnik-okrasa.de\/en\/?page_id=29"},"modified":"2017-12-28T14:30:07","modified_gmt":"2017-12-28T13:30:07","slug":"general-terms","status":"publish","type":"page","link":"https:\/\/www.gummitechnik-okrasa.de\/en\/imprint\/general-terms\/","title":{"rendered":"General Terms"},"content":{"rendered":"<p><strong>I. Application<\/strong><\/p>\n<p>1. Only those Terms and indeed for all including future contracts and other benefits.<br \/>\nThe validity of deviating Conditions of our contractual partners, is expressly prohibited.<\/p>\n<p>2. Our offers are not binding. Agreements especially oral collateral agreements and assurances our sales staff will be only through. Our written confirmation of binding.<br \/>\nOur in brochures, catalogs and on the Internet listed products and services do not provide us constitute a binding offer. It is rather a Invitation to our customers to give us a binding to submit offer.<\/p>\n<p>3. Deviations from the customer&#8217;s order is deemed to have accepted the customer if he does not object within 5 days of receipt of the order confirmation, unless the changes relate to elements of the contract , of whom we know or had that this for the customer are essential.<\/p>\n<p>4. The belonging to the offer such as drawings, illustrations, technical data, references to standards and information in advertising materials are not warranted qualities, unless they are expressly characterized as such.<\/p>\n<p>5. Deviations of the delivered goods from offers, samples, test or preliminary are permitted in accordance with the applicable DIN standards or other relevant technical standards.<\/p>\n<p><strong>II. Preise<\/strong><\/p>\n<p>1. Unsere Preise verstehen sich, soweit nichts anderes<br \/>\nvereinbart ist, ab unserem Betrieb ausschlie\u00dflich Verpackung,<br \/>\nFracht, Versicherung, Zoll und etwaigen sonstigen<br \/>\nLieferkosten, jeweils zzgl. Mehrwertsteuer in gesetzlichem<br \/>\nUmfange.<\/p>\n<p>2. Wird die Ware verpackt geliefert, so berechnen wir<br \/>\ndie Verpackung zum Selbstkostenpreis; im Rahmen der<br \/>\ngesetzlichen Regelungen nehmen wir von uns gelieferte<br \/>\nVerpackungen zur\u00fcck, wenn sie uns vom K\u00e4ufer in angemessener<br \/>\nFrist frachtfrei zur\u00fcckgegeben werden.<\/p>\n<p><strong>III. Zahlung und Verrechnung<\/strong><\/p>\n<p>1. Unsere Rechnungen sind zahlbar innerhalb von 10<br \/>\nTagen mit 2 % Skonto oder innerhalb von 30 Tagen netto<br \/>\njeweils ab Rechnungsdatum bis zum Eingang der Zahlung<br \/>\nbei uns. Werkzeugkostenanteile sind stets sofort f\u00e4llig und ohne<br \/>\nSkonto zahlbar.<\/p>\n<p>2. Von uns bestrittene oder nicht rechtskr\u00e4ftig festgestellte<br \/>\nGegenforderungen berechtigen den K\u00e4ufer weder zur<br \/>\nZur\u00fcckbehaltung noch zur Aufrechnung.<\/p>\n<p>3. Bei \u00dcberschreitung des Zahlungszieles, sp\u00e4testens nach<br \/>\nMahnung, sind wir berechtigt, Zinsen in H\u00f6he der jeweiligen<br \/>\nBanks\u00e4tze f\u00fcr \u00dcberziehungszinsen zu berechnen, mindestens<br \/>\naber in H\u00f6he von 8 % \u00fcber dem Basiszinssatz gem.<br \/>\n\u00a7 247 BGB, gegen\u00fcber Verbrauchern in H\u00f6he von 5 % \u00fcber<br \/>\ndem Basiszinssatz gem. \u00a7 247 BGB. Die Geltendmachung<br \/>\neines weiteren Verzugsschadens bleibt vorbehalten.<\/p>\n<p>4. Soweit uns nachtr\u00e4glich Umst\u00e4nde bekannt werden,<br \/>\naus denen sich eine wesentliche Verm\u00f6gensverschlechterung<br \/>\nbeim K\u00e4ufer ergibt und die unseren Zahlungsanspruch<br \/>\ngef\u00e4hrden, sind wir berechtigt, ihn unabh\u00e4ngig<br \/>\nvon der Laufzeit gutgeschriebener Wechsel f\u00e4llig zu stellen.<br \/>\nGer\u00e4t der K\u00e4ufer in Zahlungsverzug, so sind wir berechtigt,<br \/>\ndie Ware nach Setzung einer angemessenen Nachfrist<br \/>\nzur\u00fcckzunehmen. Wir k\u00f6nnen au\u00dferdem die Weiterver\u00e4u\u00dferung<br \/>\nund Weiterverarbeitung der gelieferten Ware untersagen.<br \/>\nDie R\u00fccknahme ist kein R\u00fccktritt vom Vertrag. In<br \/>\njedem Fall k\u00f6nnen wir die Erziehungserm\u00e4chtigung gem\u00e4\u00df<br \/>\nZiff. V\/5 widerrufen und f\u00fcr noch ausstehende Lieferungen<br \/>\nVorauszahlungen oder Sicherheiten verlangen. Alle<br \/>\ndiese Rechtsfolgen kann der K\u00e4ufer durch Zahlung oder<br \/>\ndurch Sicherheitsleistungen in H\u00f6he unseres gef\u00e4hrdeten<br \/>\nZahlungsanspruches abwenden.<\/p>\n<p><strong>IV. Lieferfristen<\/strong><\/p>\n<p>1. Lieferfristen und -termine sind eingehalten, wenn bis<br \/>\nzu ihrem Ablauf der Liefergegenstand unseren Betrieb verlassen hat.<\/p>\n<p>2. Lieferfristen verl\u00e4ngern sich in angemessenem Umfang<br \/>\nbei Ma\u00dfnahmen im Rahmen von Arbeitsk\u00e4mpfen,<br \/>\ninsbesondere Streik und Aussperrung, sowie bei Eintritt<br \/>\nunvorhersehbarer Hindernisse, die au\u00dferhalb unseres Willens<br \/>\nliegen, soweit solche Hindernisse nachweislich auf die<br \/>\nFertigung oder Ablieferung der Ware von erheblichem<br \/>\nEinfluss sind. Dies gilt auch, wenn die Umst\u00e4nde<br \/>\nbei Vorlieferanten eintreten. Derartige Umst\u00e4nde teilen<br \/>\nwir dem K\u00e4ufer unverz\u00fcglich mit. Diese Regelungen gelten<br \/>\nentsprechend f\u00fcr Liefertermine. Wird die Durchf\u00fchrung<br \/>\ndes Vertrages f\u00fcr eine der Parteien unzumutbar, so kann sie<br \/>\ninsoweit vom Vertrag zur\u00fccktreten.<\/p>\n<p>3. Falls wir in Verzug geraten, kann der K\u00e4ufer nach Ablauf<br \/>\neiner uns gesetzten, angemessenen Nachfrist insoweit vom<br \/>\nVertrag zur\u00fccktreten, als die Ware bis zum Fristablauf nicht<br \/>\nabgesandt ist. Schadensersatzanspr\u00fcche aus Verzug und<br \/>\nNichterf\u00fcllung richten sich nach Ziff. VIII dieser Bedingungen.<\/p>\n<p><strong>V. Eigentumsvorbehalt<\/strong><\/p>\n<p>1. Alle gelieferten Waren bleiben unser Eigentum<br \/>\n(Vorbehaltsware) bis zur Erf\u00fcllung s\u00e4mtlicher Forderungen<br \/>\naus der Gesch\u00e4ftsverbindung, gleich aus welchem<br \/>\nRechtsgrund, einschlie\u00dflich der k\u00fcnftig entstehenden oder<br \/>\nbedingten Forderungen, z. B. aus sogenannten Akzeptantenwechseln.<\/p>\n<p>2. Be- und Verarbeitung der Vorbehaltsware erfolgen f\u00fcr<br \/>\nuns als Hersteller im Sinne von \u00a7 950 BGB, ohne uns zu<br \/>\nverpflichten. Die verarbeitete Ware gilt als Vorbehaltsware<br \/>\nim Sinne der Ziff. V\/1. Bei Verarbeitung, Verbindung und<br \/>\nVermischung der Vorbehaltsware mit anderen Waren durch<br \/>\nden K\u00e4ufer steht uns das Miteigentum an der neuen Sache<br \/>\nzu im Verh\u00e4ltnis des Rechnungswertes der Vorbehaltsware<br \/>\nzum Rechnungswert der anderen verwendeten<br \/>\nWare. Erlischt unser Eigentum durch Verbindung oder<br \/>\nVermischung, so \u00fcbertr\u00e4gt der K\u00e4ufer uns bereits jetzt die<br \/>\nihm zustehenden Eigentumsrechte an dem neuen Bestand<br \/>\noder der Sache im Umfang des Rechnungswertes der<br \/>\nVorbehaltsware und verwahrt sie unentgeltlich f\u00fcr uns.<br \/>\nDie hiernach entstehenden Miteigentumsrechte gelten als<br \/>\nVorbehaltsware im Sinne der Ziff. V\/1.<\/p>\n<p>3. Der K\u00e4ufer darf die Vorbehaltsware nur im gew\u00f6hnlichen<br \/>\nGesch\u00e4ftsverkehr zu seinem normalen Gesch\u00e4ftbedingungen<br \/>\nund solange er nicht in Verzug ist, ver\u00e4u\u00dfern,<br \/>\nvorausgesetzt, dass die Forderungen aus der Weiterver\u00e4u\u00dferung<br \/>\ngem\u00e4\u00df den Ziff. V\/4 bis V\/6 auf uns \u00fcbergehen. Zu<br \/>\nanderen Verf\u00fcgungen \u00fcber die Vorbehaltsware ist er nicht<br \/>\nberechtigt.<\/p>\n<p>4. Die Forderungen des K\u00e4ufers aus der Weiterver\u00e4u\u00dferung<br \/>\nder Vorbehaltsware werden bereits jetzt an uns abgetreten.<br \/>\nSie dienen in demselben Umfange zur Sicherung<br \/>\nwie die Vorbehaltsware.<\/p>\n<p>Wird die Vorbehaltsware vom K\u00e4ufer zusammen mit anderen,<br \/>\nnicht von uns verkauften Waren ver\u00e4u\u00dfert, so gilt die Abtretung<br \/>\nder Forderung aus der Weiterver\u00e4u\u00dferung nur in H\u00f6he des<br \/>\nWeiterver\u00e4u\u00dferungswertes der jeweils ver\u00e4u\u00dferten Vorbehaltsware.<br \/>\nBei der Ver\u00e4u\u00dferung von Waren, an denen wir Miteigentumsanteile<br \/>\ngem\u00e4\u00df Ziff. V\/2 haben, gilt die Abtretung der Forderung in H\u00f6he<br \/>\ndieser Miteigentumsanteile.<\/p>\n<p>5. Der K\u00e4ufer ist berechtigt, Forderungen aus der<br \/>\nWeiterver\u00e4u\u00dferungen bis zu unserem jederzeit zul\u00e4ssigen<br \/>\nWiderruf einzuziehen. Wir werden von dem Widerrufsrecht<br \/>\nnur in den in Ziff. III\/4 genannten F\u00e4llen Gebrauch machen.<br \/>\nAuf unser Verlangen ist der K\u00e4ufer verpflichtet, seine<br \/>\nAbnehmer sofort von der Abtretung an uns zu unterrichten<br \/>\n&#8211; sofern wir das nicht selbst tun &#8211; und uns die zur Einziehung<br \/>\nerforderlichen Ausk\u00fcnfte und Unterlagen zu geben.<\/p>\n<p>6. Von einer Pf\u00e4ndung oder anderen Beeintr\u00e4chtigung<br \/>\ndurch Dritte muss der K\u00e4ufer uns unverz\u00fcglich benachrichtigen.<\/p>\n<p>7. \u00dcbersteigt der Wert bestehender Sicherheiten die<br \/>\ngesicherten Forderungen insgesamt um mehr als 10 v. H.,<br \/>\nsind wir auf Verlangen des K\u00e4ufers insoweit zur Freigabe<br \/>\nvon Sicherheiten nach unserer Wahl verpflichtet.<\/p>\n<p>8. Uns unaufgeforderte zugesandte Muster gehen in<br \/>\nunser Eigentum \u00fcber. Eine Verpflichtung zur R\u00fccksendung<br \/>\nbesteht nicht.<\/p>\n<p>9. Werkzeuge, insbesondere Extrusions- und Stanzwerkzeuge,<br \/>\nPress-, Spritzguss- oder sonstige Formen, die von<br \/>\nuns oder in unserem Auftrag von Dritten zur Erf\u00fcllung<br \/>\nvon Kundenauftr\u00e4gen angefertigt werden, gehen in unser<br \/>\nEigentum \u00fcber, auch wenn die Anfertigungskosten ganz<br \/>\noder teilweise von unseren Vertragspartnern \u00fcbernommen<br \/>\nwerden. Wir sind nicht verpflichtet, diese l\u00e4nger als 2 Jahre<br \/>\nnach dem letzten Einsatz f\u00fcr Nachlieferungen vorzuhalten.<\/p>\n<p><strong>VI. Ausf\u00fchrung der Lieferungen<\/strong><\/p>\n<p>1. Mit der \u00dcbergabe der Ware an einen Spediteur oder<br \/>\nFrachtf\u00fchrer, sp\u00e4testens jedoch mit Verlassen des Lagers<br \/>\noder &#8211; bei Streckengesch\u00e4ften &#8211; des Lieferwerkes geht die<br \/>\nGefahr bei allen Gesch\u00e4ften, auch bei franko- und frei-<br \/>\nHaus- Lieferungen, auf den K\u00e4ufer \u00fcber.<\/p>\n<p>2. Wir sind zu Teillieferungen in zumutbarem Umfang<br \/>\nberechtigt. Mehr- oder Minderlieferungen bis zu 10 % der<br \/>\nbestellten Menge sind zul\u00e4ssig und k\u00f6nnen nicht beanstandet<br \/>\nwerden.<\/p>\n<p>3. Bei Abrufauftr\u00e4gen sind wir berechtigt, die gesamte<br \/>\nBestellmenge geschlossen herzustellen bzw. herstellen<br \/>\nzu lassen. Etwaige \u00c4nderungsw\u00fcnsche k\u00f6nnen nach<br \/>\nErteilung des Auftrages nicht mehr ber\u00fccksichtigt werden,<br \/>\nes sei denn, dass dies ausdr\u00fccklich vereinbart wurde.<\/p>\n<p>Abruftermine und -mengen k\u00f6nnen, soweit keine festen<br \/>\nVereinbarungen getroffen wurden, nur im Rahmen unserer<br \/>\nLieferungs- oder Herstellungsm\u00f6glichkeiten eingehalten.<\/p>\n<p><strong>VII. M\u00e4ngelanspr\u00fcche<\/strong><\/p>\n<p>1. Bei berechtigten M\u00e4ngelr\u00fcgen werden wir nach unserer<br \/>\nWahl Beseitigung des Mangels oder nach R\u00fccknahme<br \/>\nder mangelhaften Ware eine mangelfreie Ersatzlieferung<br \/>\nvornehmen. Bei Fehlschlagen der Ersatzlieferung oder<br \/>\nder Nachbesserung trotz 2-facher Nachbesserungsversuche<br \/>\nist unser Vertragspartner berechtigt, vom Vertrag<br \/>\nzur\u00fcckzutreten oder die Herabsetzung der Verg\u00fctung<br \/>\nzu verlangen. Weitergehende Anspr\u00fcche, insbesondere<br \/>\nsolche auf Aufwendungs- oder Schadensersatz wegen<br \/>\nMangel- oder Mangelfolgesch\u00e4den bestehen nur bei einer<br \/>\nVerletzung von Leben, K\u00f6rper und Gesundheit. Unber\u00fchrt<br \/>\nbleiben etwaige weitergehende Anspr\u00fcche nach dem<br \/>\nProdukthaftungsgesetz oder wegen Verletzung wesentlicher<br \/>\nVertragspflichten. Unsere Haftung wird jedoch, soweit dies<br \/>\nzul\u00e4ssig ist, auf den vorhersehbaren, vertragstypischen Schaden beschr\u00e4nkt.<\/p>\n<p>2. Unser Vertragspartner ist verpflichtet, uns Gelegenheit<br \/>\nzur \u00dcberpr\u00fcfung seiner M\u00e4ngelr\u00fcge zu geben,<br \/>\ninsbesondere, uns eine Probe oder ein Muster kostenfrei<br \/>\nzur Verf\u00fcgung zu stellen. Wird der ger\u00fcgte Mangel von uns<br \/>\nanerkannt, so veranlassen wir zu unseren Lasten die R\u00fcckholung<br \/>\nder beanstandeten Ware.<br \/>\nWird unsere Lieferung vor unserer Pr\u00fcfung oder Anerkennung der<br \/>\nM\u00e4ngelr\u00fcge in einem die erforderliche Probe \u00fcbersteigenden Umfang<br \/>\nan uns zur\u00fcckgesandt, sind wir zu einer Abnahmeverweigerung<br \/>\nberechtigt. Sollten wir die an uns unaufgefordert<br \/>\nzur\u00fcckgesandte Ware gleichwohl annehmen, ist damit kein<br \/>\nAnerkenntnis der Berechtigung einer M\u00e4ngelr\u00fcge verbunden.<\/p>\n<p>3. Bei unsachgem\u00e4\u00dfer Behandlung, Lagerung, R\u00fcckversendung<br \/>\nund nicht werkstoffgerechter Verarbeitung<br \/>\nentfallen unsere Nacherf\u00fcllungsverpflichtungen. Dies gilt<br \/>\nauch im Falle der Lieferung von Kautschukerzeugnissen im<br \/>\nFalle einer Lagerung, Wartung und Reinigung au\u00dferhalb<br \/>\nder in der DIN 7716 festgelegten Richtlinie.<\/p>\n<p>4. F\u00fcr Abmessungen des Querschnitts und der L\u00e4ngen<br \/>\nist, soweit nicht anders vereinbart, die jeweils g\u00fcltige DINNorm<br \/>\nf\u00fcr Thermoplaste und Elastomere ma\u00dfgeblich.<\/p>\n<p>5. Unser Vertragspartner ist verpflichtet, gelieferte Ware<br \/>\nunverz\u00fcglich auf etwaige M\u00e4ngel zu pr\u00fcfen und festgestellte<br \/>\nM\u00e4ngel unverz\u00fcglich schriftlich bei uns anzuzeigen. Die<br \/>\nPr\u00fcfung, ob sich die bestellte Ware f\u00fcr den vorgesehenen<br \/>\nVerwendungszweck unseres Vertragspartners eignet,<br \/>\nobliegt allein unserem Vertragspartner, es sei denn, wir<br \/>\nh\u00e4tten ausnahmsweise diese Pr\u00fcfung \u00fcbernommen und<br \/>\nschriftlich die Eignung der Ware zu einem bestimmten<br \/>\nZweck zugesichert.<\/p>\n<p>6. Die Verj\u00e4hrungsfrist f\u00fcr M\u00e4ngelanspr\u00fcche betr\u00e4gt<br \/>\n12 Monate ab Gefahren\u00fcbergang.<\/p>\n<p>7. Ist unser Vertragspartner ein Verbraucher und stehen<br \/>\nihm gesetzlich weitergehende uneinschr\u00e4nkbare Rechte zu,<br \/>\nso werden diese durch die vorstehenden Regelungen nicht<br \/>\neingeschr\u00e4nkt.<\/p>\n<p><strong>VIII. Allgemeine Haftungsbegrenzung<\/strong><\/p>\n<p>1. Wir haften in F\u00e4llen des Vorsatzes oder der groben Fahrl\u00e4ssigkeit,<br \/>\nauch unseres Vertreters oder Erf\u00fcllungsgehilfen, nach den<br \/>\ngesetzlichen Bestimmungen. Im \u00fcbrigen haften wir nur nach<br \/>\ndem Produkthaftungsgesetz, soweit wir diesem unterliegen, ferner<br \/>\nwegen der Verletzung des Lebens, des K\u00f6rpers oder der Gesundheit<br \/>\noder wegen der schuldhaften Verletzung wesentlicher Vertragspflichten,<br \/>\nferner im Rahmen der \u00a7\u00a7 444 oder 639 BGB im Falle des Vorliegens<br \/>\nihrer Voraussetzungen. Der Schadensersatzanspruch f\u00fcr die Verletzung<br \/>\nwesentlicher Vertragspflichten ist jedoch auf den vertragstypischen<br \/>\nvorhersehbaren Schaden begrenzt, wenn keiner der in Satz 2 dieses<br \/>\nAbsatzes 1 aufgef\u00fchrten Ausnahmef\u00e4lle vorliegt.<\/p>\n<p>2. Die Haftung f\u00fcr Sch\u00e4den durch den Liefergegenstand<br \/>\nan Rechtsg\u00fctern unseres Vertragspartners, z. B. Sch\u00e4den an<br \/>\nanderen Sachen, ist ausgeschlossen. Dies gilt nicht, soweit<br \/>\nVorsatz oder grobe Fahrl\u00e4ssigkeit vorliegt oder wegen der<br \/>\nVerletzung des Lebens, des K\u00f6rpers oder der Gesundheit.<\/p>\n<p>3. Soweit nichts anderes vereinbart, verj\u00e4hren vertragliche Anspr\u00fcche,<br \/>\ndie dem K\u00e4ufer gegen uns aus Anlass oder im Zusammenhang mit der<br \/>\nLieferung der Ware entstehen, ein Jahr nach Ablieferung der Ware.<\/p>\n<p><strong>IX. Urheberrechte<\/strong><\/p>\n<p>1. An Kostenanschl\u00e4gen, Entw\u00fcrfen, Konstruktionen,<br \/>\nZeichnungen und anderen Unterlagen behalten wir uns<br \/>\ndas uneingeschr\u00e4nkte Eigentums- und Urheberrecht vor.<br \/>\nEs wird weder durch Zahlung des vereinbarten Preises f\u00fcr<br \/>\ndie Konstruktion noch durch die \u00dcbergabe von Mehrfertigungen<br \/>\nder Konstruktionsunterlagen beeintr\u00e4chtigt. Unsere Kunden<br \/>\nsind daher ohne unsere ausdr\u00fcckliche, schriftliche Einwilligung<br \/>\nnicht berechtigt, nach unseren Konstruktionsunterlagen Formen<br \/>\noder Werkzeuge herzustellen, anderweitig ganz oder teilweise<br \/>\nherstellen zu lassen, Kopien der \u00fcbergebenen Mehrfertigungen<br \/>\nherzustellen oder herstellen zu lassen oder die \u00fcbergebenen<br \/>\nUnterlagen und Mehrfertigungen zu verbreiten, Dritten zu \u00fcberlassen<br \/>\noder den Inhalt Dritten zug\u00e4nglich zu machen. Hierbei ist es unerheblich,<br \/>\nob die betreffenden Konstruktionen, Zeichnungen und \u00e4hnliche<br \/>\nUnterlagen von uns selbst hergestellt wurden oder durch Dritte<br \/>\nin unserem Auftrag. Weitergehende Rechte nach dem UrhG bleiben<br \/>\ndavon unber\u00fchrt.<\/p>\n<p>2. Sofern wir Gegenst\u00e4nde nach vom K\u00e4ufer \u00fcbergebenen<br \/>\nZeichnungen, Modellen, Mustern oder sonstige Unterlagen<br \/>\ngeliefert haben, \u00fcbernimmt dieser die Gew\u00e4hr daf\u00fcr, dass<br \/>\nSchutzrechte Dritter nicht verletzt werden.<\/p>\n<p>Untersagen uns Dritte unter Berufung auf Schutzrechte insbesondere die<br \/>\nHerstellung und Lieferung derartiger Gegenst\u00e4nde, sind<br \/>\nwir &#8211; ohne zur Pr\u00fcfung der Rechtslage verpflichtet zu sein<br \/>\n&#8211; berechtigt, insoweit jede weitere T\u00e4tigkeit einzustellen<br \/>\nund bei Verschulden des K\u00e4ufers Schadenersatz zu verlangen.<br \/>\nDer K\u00e4ufer verpflichtet sich au\u00dferdem, uns von allen<br \/>\ndamit in Zusammenhang stehenden Anspr\u00fcchen Dritter<br \/>\nunverz\u00fcglich freizustellen.<\/p>\n<p><strong>X. Versuchsteile, Formen, Werkzeuge<\/strong><\/p>\n<p>1. Hat der K\u00e4ufer zur Auftragsdurchf\u00fchrung Teile<br \/>\nbeizustellen, so sind sie frei Produktionsst\u00e4tte mit der<br \/>\nvereinbarten, andernfalls einer angemessenen Mehrmenge<br \/>\nf\u00fcr etwaigen Ausschuss rechtzeitig, unentgeltlich und<br \/>\nmangelfrei anzuliefern. Geschieht dies nicht, so gehen hierdurch<br \/>\nverursachte Kosten und sonstige Folgen zu seinen<br \/>\nLasten.<\/p>\n<p>2. Die Anfertigung von Versuchsteilen einschlie\u00dflich der<br \/>\nKosten f\u00fcr Formen und Werkzeuge geht zu Lasten des<br \/>\nK\u00e4ufers.<\/p>\n<p>3. Werden Formen, Werkzeuge und sonstigen Vorrichtungen,<br \/>\ndie zur Herstellung bestellter Teile erforderlich<br \/>\nsind, vor Erf\u00fcllung der vereinbarten Ausbringungsmenge<br \/>\nunbrauchbar, so gehen die f\u00fcr den Ersatz erforderlichen<br \/>\nKosten zu unseren Lasten. Wir sind nicht verpflichtet, derartige<br \/>\nVorrichtungen l\u00e4nger als 2 Jahre nach dem letzten<br \/>\nEinsatz f\u00fcr Nachlieferungen vorzuhalten.<\/p>\n<p>4. Die von uns ausgewiesenen Werkzeugkosten sind<br \/>\nanteilige Werkzeug- und Entwicklungskosten (50%). Sollte<br \/>\ninnerhalb von 6 Monaten nach Werkzeugerstellung und<br \/>\n\u00dcbersendung eines Ausfallmusters aus Gr\u00fcnden, die wir<br \/>\nnicht zu vertreten haben, vom K\u00e4ufer kein Serienauftrag erteilt<br \/>\nwerden, sind wir berechtigt, die vollen Werkzeug- und<br \/>\nEntwicklungskosten zu berechnen.<\/p>\n<p>5. F\u00fcr vom K\u00e4ufer beigestellte Werkzeuge, Formen, und<br \/>\nsonstige Fertigungsvorrichtungen beschr\u00e4nkt sich unsere<br \/>\nHaftung auf die Sorgfalt wie in eigener Sache. Kosten f\u00fcr<br \/>\nWartung und Pflege tr\u00e4gt der K\u00e4ufer.<br \/>\nUnsere Aufbewahrungspflicht erlischt &#8211; unabh\u00e4ngig von<br \/>\nEigentumsrechten des K\u00e4ufers &#8211; sp\u00e4testens zwei Jahre<br \/>\nnach der letzten Fertigung aus der Form oder dem Werkzeug.<\/p>\n<p><strong>XI. Erf\u00fcllungsort, Gerichtsstand und anzuwendendes Recht<\/strong><\/p>\n<p>1. Erf\u00fcllungsort f\u00fcr unsere Lieferungen ist unser Betrieb.<br \/>\nGerichtsstand ist, soweit nach \u00a7 38 Zivilprozessordnung<br \/>\nzul\u00e4ssig, Winsen Luhe. Wir k\u00f6nnen den K\u00e4ufer auch an<br \/>\nseinem Gerichtsstand verklagen.<\/p>\n<p>2. F\u00fcr alle Rechtsbeziehungen zwischen uns und dem<br \/>\nK\u00e4ufer gilt das Recht der Bundesrepublik Deutschland<br \/>\nunter Einschluss des UN-Kaufrechts\u00fcbereinkommen vom 11.04.1980<\/p>\n","protected":false},"excerpt":{"rendered":"<p>I. Application 1. Only those Terms and indeed for all including future contracts and other benefits. The validity of deviating Conditions of our contractual partners, is expressly prohibited. 2. Our offers are not binding. Agreements especially oral collateral agreements and assurances our sales staff will be only through. Our written confirmation of binding. Our in [&hellip;]<\/p>\n","protected":false},"author":1,"featured_media":0,"parent":27,"menu_order":91,"comment_status":"closed","ping_status":"closed","template":"","meta":{"footnotes":""},"class_list":["post-29","page","type-page","status-publish","hentry"],"_links":{"self":[{"href":"https:\/\/www.gummitechnik-okrasa.de\/en\/wp-json\/wp\/v2\/pages\/29","targetHints":{"allow":["GET"]}}],"collection":[{"href":"https:\/\/www.gummitechnik-okrasa.de\/en\/wp-json\/wp\/v2\/pages"}],"about":[{"href":"https:\/\/www.gummitechnik-okrasa.de\/en\/wp-json\/wp\/v2\/types\/page"}],"author":[{"embeddable":true,"href":"https:\/\/www.gummitechnik-okrasa.de\/en\/wp-json\/wp\/v2\/users\/1"}],"replies":[{"embeddable":true,"href":"https:\/\/www.gummitechnik-okrasa.de\/en\/wp-json\/wp\/v2\/comments?post=29"}],"version-history":[{"count":1,"href":"https:\/\/www.gummitechnik-okrasa.de\/en\/wp-json\/wp\/v2\/pages\/29\/revisions"}],"predecessor-version":[{"id":30,"href":"https:\/\/www.gummitechnik-okrasa.de\/en\/wp-json\/wp\/v2\/pages\/29\/revisions\/30"}],"up":[{"embeddable":true,"href":"https:\/\/www.gummitechnik-okrasa.de\/en\/wp-json\/wp\/v2\/pages\/27"}],"wp:attachment":[{"href":"https:\/\/www.gummitechnik-okrasa.de\/en\/wp-json\/wp\/v2\/media?parent=29"}],"curies":[{"name":"wp","href":"https:\/\/api.w.org\/{rel}","templated":true}]}}